{"id":43,"date":"2017-04-29T18:55:00","date_gmt":"2017-04-29T18:55:00","guid":{"rendered":"https:\/\/pflanzwerk.wordpress.com\/?page_id=42"},"modified":"2019-02-11T22:16:56","modified_gmt":"2019-02-11T22:16:56","slug":"bezugsquellen","status":"publish","type":"page","link":"https:\/\/pflanzart.de\/?page_id=43","title":{"rendered":"Bezugsquellen"},"content":{"rendered":"<p>meine Pflanzen beziehe ich hier:<\/p>\n<p>Stauden<\/p>\n<ul>\n<li>Die<span style=\"color: #808000;\"> <strong><a href=\"http:\/\/www.stauden-kirschenlohr.de\"><span style=\"color: #808000;\">Staudeng\u00e4rtnerei Kirschenlohr<\/span><\/a><\/strong><\/span> f\u00fchrt ein breites Sortiment u. a. viele Schattenstauden und Orchideen<\/li>\n<li>Das <span style=\"color: #808000;\"><a href=\"http:\/\/www.pfingstrosen-paradies.de\"><strong><span style=\"color: #808000;\">Pfingstrosenparadies<\/span><\/strong><\/a><\/span> von Stephan Tetzlaff<\/li>\n<li><span style=\"color: #808000;\"><a href=\"http:\/\/www.die-staudengaertnerei.de\"><strong><span style=\"color: #808000;\">Die Staudeng\u00e4rtnerei<\/span><\/strong><\/a><\/span> von Till Hofmann &amp; Fine Molz f\u00fchrt ein grosses Sortiment an Pr\u00e4riestauden<\/li>\n<li>Karl <strong><a href=\"http:\/\/www.foerster-stauden.de\"><span style=\"color: #808000;\">F\u00f6rster Stauden<\/span><\/a><\/strong> in Potsdam-Bornim<\/li>\n<li>Staudeng\u00e4rtnerei <span style=\"color: #808000;\"><strong><a href=\"http:\/\/www.gaissmayer.de\"><span style=\"color: #808000;\">Gaissmayer<\/span><\/a><\/strong><\/span><\/li>\n<li>In der <a href=\"http:\/\/www.graefin-von-zeppelin.de\"><strong><span style=\"color: #808000;\">Staudeng\u00e4rtnerei Gr\u00e4fin von Zeppelin<\/span><\/strong><\/a> findet man ein breites Sortiment an Hemerocallis, Iris und Papaver<\/li>\n<li>Stauden Stade:<span style=\"color: #808000;\"> <strong><a href=\"http:\/\/www.stauden-stade.de\/\"><span style=\"color: #808000;\">www.stauden-stade.de<\/span><\/a><\/strong><\/span><\/li>\n<li>Bio-Staudeng\u00e4rtnerei <span style=\"color: #808000;\"><strong><a href=\"http:\/\/www.allgaeustauden.de\"><span style=\"color: #808000;\">Allg\u00e4ustauden<\/span><\/a><\/strong><\/span><\/li>\n<li>Christian Kress: <span style=\"color: #808000;\"><strong><a href=\"http:\/\/www.sarastro-stauden.com\"><span style=\"color: #808000;\">Sarastro-Stauden<\/span><\/a><\/strong><\/span><\/li>\n<li>Staudeng\u00e4rtnerei <span style=\"color: #808000;\"><strong><a href=\"http:\/\/www.stauden-becker.de\"><span style=\"color: #808000;\">Stauden Becker<\/span><\/a><\/strong><\/span><\/li>\n<li>Die <a href=\"http:\/\/www.stauden-eskuche.de\"><strong><span style=\"color: #808000;\">Staudeng\u00e4rtnerei von Annemarie Esskuche<\/span><\/strong><\/a> ist spezialisiert auf Schattenstauden besonders Epimedium, Geranium und Anemonen<\/li>\n<\/ul>\n<p>Saatgut<\/p>\n<ul>\n<li>Bingenheimer Saatgut:<strong><span style=\"color: #808000;\"> www.bingenheimersaatgut.de &#8211; <\/span><\/strong>\u00f6kologisches Saatgut von Kr\u00e4utern, Blumen und Gem\u00fcse samenfester Sorten, keine Hybride<\/li>\n<li><span style=\"color: #808000;\"><a style=\"color: #808000;\" href=\"https:\/\/www.saatgut-vielfalt.de\/\"><span style=\"color: #808000;\">Saatgutvielfalt<\/span><\/a><\/span> &#8211; bietet ein grosses Sortiment an Saatgut f\u00fcr Freilandstauden, einj\u00e4hrigen Schnittblumen und Kr\u00e4utern<\/li>\n<li><span style=\"color: #808000;\"><a style=\"color: #808000;\" href=\"https:\/\/www.jelitto.com\/\">Jelitto<\/a><\/span> &#8211; Saatgut f\u00fcr Stauden, Einj\u00e4hrige, Zweij\u00e4hrige und Kr\u00e4uter sowie Saatgutmischungen f\u00fcr die Dachbegr\u00fcnung<\/li>\n<li><span style=\"color: #808000;\"><a style=\"color: #808000;\" href=\"https:\/\/www.rieger-hofmann.de\/home.html\">Rieger-Hofmann<\/a><\/span> &#8211; Saatgutmischungen f\u00fcr Blumenwiesen sowie Saatgut von Wildblumen und Gr\u00e4sern<\/li>\n<\/ul>\n","protected":false},"excerpt":{"rendered":"<p>meine Pflanzen beziehe ich hier: Stauden Die Staudeng\u00e4rtnerei Kirschenlohr f\u00fchrt ein breites Sortiment u. a. viele Schattenstauden und Orchideen Das Pfingstrosenparadies von Stephan&hellip;<\/p>\n","protected":false},"author":1,"featured_media":0,"parent":1820,"menu_order":3,"comment_status":"closed","ping_status":"closed","template":"","meta":{"footnotes":""},"class_list":["post-43","page","type-page","status-publish","hentry"],"aioseo_notices":[],"_links":{"self":[{"href":"https:\/\/pflanzart.de\/index.php?rest_route=\/wp\/v2\/pages\/43","targetHints":{"allow":["GET"]}}],"collection":[{"href":"https:\/\/pflanzart.de\/index.php?rest_route=\/wp\/v2\/pages"}],"about":[{"href":"https:\/\/pflanzart.de\/index.php?rest_route=\/wp\/v2\/types\/page"}],"author":[{"embeddable":true,"href":"https:\/\/pflanzart.de\/index.php?rest_route=\/wp\/v2\/users\/1"}],"replies":[{"embeddable":true,"href":"https:\/\/pflanzart.de\/index.php?rest_route=%2Fwp%2Fv2%2Fcomments&post=43"}],"version-history":[{"count":0,"href":"https:\/\/pflanzart.de\/index.php?rest_route=\/wp\/v2\/pages\/43\/revisions"}],"up":[{"embeddable":true,"href":"https:\/\/pflanzart.de\/index.php?rest_route=\/wp\/v2\/pages\/1820"}],"wp:attachment":[{"href":"https:\/\/pflanzart.de\/index.php?rest_route=%2Fwp%2Fv2%2Fmedia&parent=43"}],"curies":[{"name":"wp","href":"https:\/\/api.w.org\/{rel}","templated":true}]}}